{"id":2,"date":"2013-11-15T17:09:01","date_gmt":"2013-11-15T17:09:01","guid":{"rendered":"http:\/\/www.sepas.es\/?page_id=2"},"modified":"2013-11-24T09:31:39","modified_gmt":"2013-11-24T09:31:39","slug":"inicio","status":"publish","type":"page","link":"https:\/\/www.sepas.es\/","title":{"rendered":"Espacio para la diversi\u00f3n"},"content":{"rendered":"<p>Bienvenidos a Sepas, un espacio dedicado a la ense\u00f1anza y el aprendizaje de conocimiento cient\u00edficos.<\/p>\n<p>Su alcance ya se ir\u00e1 viendo pero el comienzo ya est\u00e1 claro: un peque\u00f1o ejercicio para ejercitarse en la expresi\u00f3n que toma una misma \u00a0medidas seg\u00fan la unidad de referencia elegida.<\/p>\n<p>Espero que os sea \u00fatil.<\/p>\n","protected":false},"excerpt":{"rendered":"<p>Bienvenidos a Sepas, un espacio dedicado a la ense\u00f1anza y el aprendizaje de conocimiento cient\u00edficos. Su alcance ya se ir\u00e1 viendo pero el comienzo ya est\u00e1 claro: un peque\u00f1o ejercicio para ejercitarse en la expresi\u00f3n que toma una misma \u00a0medidas seg\u00fan la unidad de referencia elegida. Espero que os sea &#8230;<\/p>\n","protected":false},"author":1,"featured_media":0,"parent":0,"menu_order":0,"comment_status":"closed","ping_status":"closed","template":"","meta":{"footnotes":""},"_links":{"self":[{"href":"https:\/\/www.sepas.es\/index.php?rest_route=\/wp\/v2\/pages\/2"}],"collection":[{"href":"https:\/\/www.sepas.es\/index.php?rest_route=\/wp\/v2\/pages"}],"about":[{"href":"https:\/\/www.sepas.es\/index.php?rest_route=\/wp\/v2\/types\/page"}],"author":[{"embeddable":true,"href":"https:\/\/www.sepas.es\/index.php?rest_route=\/wp\/v2\/users\/1"}],"replies":[{"embeddable":true,"href":"https:\/\/www.sepas.es\/index.php?rest_route=%2Fwp%2Fv2%2Fcomments&post=2"}],"version-history":[{"count":3,"href":"https:\/\/www.sepas.es\/index.php?rest_route=\/wp\/v2\/pages\/2\/revisions"}],"predecessor-version":[{"id":148,"href":"https:\/\/www.sepas.es\/index.php?rest_route=\/wp\/v2\/pages\/2\/revisions\/148"}],"wp:attachment":[{"href":"https:\/\/www.sepas.es\/index.php?rest_route=%2Fwp%2Fv2%2Fmedia&parent=2"}],"curies":[{"name":"wp","href":"https:\/\/api.w.org\/{rel}","templated":true}]}}